{"id":43,"date":"2025-06-19T01:29:42","date_gmt":"2025-06-19T00:29:42","guid":{"rendered":"https:\/\/3blighter.com\/?page_id=43"},"modified":"2025-10-20T15:57:01","modified_gmt":"2025-10-20T14:57:01","slug":"a-propos","status":"publish","type":"page","link":"https:\/\/3blighter.com\/index.php\/a-propos\/","title":{"rendered":"A PROPOS"},"content":{"rendered":"<h2 style=\"text-align: center;\">\u00c0 Propos de 3B Lighter<\/h2>\n<h2 style=\"text-align: center;\"><img decoding=\"async\" loading=\"lazy\" class=\"alignleft wp-image-13 size-medium\" style=\"font-size: 16px;\" src=\"https:\/\/3blighter.com\/wp-content\/uploads\/2025\/06\/IMG_3175-225x300.jpg\" alt=\"Photo atelier\" width=\"225\" height=\"300\" srcset=\"https:\/\/3blighter.com\/wp-content\/uploads\/2025\/06\/IMG_3175-225x300.jpg 225w, https:\/\/3blighter.com\/wp-content\/uploads\/2025\/06\/IMG_3175.jpg 480w\" sizes=\"(max-width: 225px) 100vw, 225px\"><\/h2>\n<div class=\"about-container\">\n<div class=\"about-text\">\n<p style=\"padding-left: 240px;\">Fond\u00e9e en 2024, 3B Lighter est pass\u00e9e d&#8217;un petit atelier \u00e0 un fabricant internationalement reconnu de briquets premium et d&#8217;accessoires pour fumeurs. Notre engagement envers la qualit\u00e9 et l&#8217;innovation a fait de nous un nom de confiance dans l&#8217;industrie.<\/p>\n<p>&nbsp;<\/p>\n<p>Notre usine, situ\u00e9e \u00e0 Alger, utilise des technologies de pointe combin\u00e9es \u00e0 un savoir-faire artisanal pour cr\u00e9er des produits qui allient performance et \u00e9l\u00e9gance.<\/p>\n<\/div>\n<\/div>\n<p>&nbsp;<\/p>\n<div class=\"about-container\">\n<div class=\"about-text\">\n<p><img decoding=\"async\" loading=\"lazy\" class=\"size-medium wp-image-11 alignright\" src=\"https:\/\/3blighter.com\/wp-content\/uploads\/2025\/06\/Clipboard02-300x175.jpg\" alt=\"\" width=\"300\" height=\"175\" srcset=\"https:\/\/3blighter.com\/wp-content\/uploads\/2025\/06\/Clipboard02-300x175.jpg 300w, https:\/\/3blighter.com\/wp-content\/uploads\/2025\/06\/Clipboard02.jpg 640w\" sizes=\"(max-width: 300px) 100vw, 300px\"><\/p>\n<p>&nbsp;<\/p>\n<p>Nous nous engageons \u00e0 fournir \u00e0 nos clients des produits fiables, durables et esth\u00e9tiques, tout en maintenant des standards \u00e9thiques et environnementaux \u00e9lev\u00e9s.<\/p>\n<\/div>\n<\/div>\n","protected":false},"excerpt":{"rendered":"<p>\u00c0 Propos de 3B Lighter Fond\u00e9e en 2024, 3B Lighter est pass\u00e9e d&#8217;un petit atelier \u00e0 un fabricant internationalement reconnu de briquets premium et d&#8217;accessoires pour fumeurs. Notre engagement envers la qualit\u00e9 et l&#8217;innovation a fait de nous un nom de confiance dans l&#8217;industrie. &nbsp; Notre usine, situ\u00e9e \u00e0 Alger, utilise des technologies de pointe<\/p>\n<div class=\"more-link\">\n             <a href=\"https:\/\/3blighter.com\/index.php\/a-propos\/\" class=\"theme-btn\"><span>Continue Reading <\/span><i class=\"bi bi-arrow-right\"><\/i><\/a>\n        <\/div>\n","protected":false},"author":1,"featured_media":0,"parent":0,"menu_order":0,"comment_status":"closed","ping_status":"closed","template":"","meta":[],"_links":{"self":[{"href":"https:\/\/3blighter.com\/index.php\/wp-json\/wp\/v2\/pages\/43"}],"collection":[{"href":"https:\/\/3blighter.com\/index.php\/wp-json\/wp\/v2\/pages"}],"about":[{"href":"https:\/\/3blighter.com\/index.php\/wp-json\/wp\/v2\/types\/page"}],"author":[{"embeddable":true,"href":"https:\/\/3blighter.com\/index.php\/wp-json\/wp\/v2\/users\/1"}],"replies":[{"embeddable":true,"href":"https:\/\/3blighter.com\/index.php\/wp-json\/wp\/v2\/comments?post=43"}],"version-history":[{"count":6,"href":"https:\/\/3blighter.com\/index.php\/wp-json\/wp\/v2\/pages\/43\/revisions"}],"predecessor-version":[{"id":93,"href":"https:\/\/3blighter.com\/index.php\/wp-json\/wp\/v2\/pages\/43\/revisions\/93"}],"wp:attachment":[{"href":"https:\/\/3blighter.com\/index.php\/wp-json\/wp\/v2\/media?parent=43"}],"curies":[{"name":"wp","href":"https:\/\/api.w.org\/{rel}","templated":true}]}}