{"id":47,"date":"2025-06-19T01:35:54","date_gmt":"2025-06-19T00:35:54","guid":{"rendered":"https:\/\/3blighter.com\/?page_id=47"},"modified":"2025-10-20T16:20:20","modified_gmt":"2025-10-20T15:20:20","slug":"qualite","status":"publish","type":"page","link":"https:\/\/3blighter.com\/index.php\/qualite\/","title":{"rendered":"QUALITE"},"content":{"rendered":"<section id=\"qualite\">\n<h2><\/h2>\n<h2>Qualit\u00e9 In\u00e9gal\u00e9e<\/h2>\n<p>Chaque produit 3B Lighter subit des tests rigoureux pour garantir fiabilit\u00e9, durabilit\u00e9 et s\u00e9curit\u00e9. Nous n&#8217;utilisons que les meilleurs mat\u00e9riaux et employons des artisans qualifi\u00e9s pour cr\u00e9er des produits dont vous pouvez d\u00e9pendre.<\/p>\n<div class=\"qualite-points\">\n<div class=\"qualite-point\">\n<p>&nbsp;<\/p>\n<h3>Mat\u00e9riaux Premium<\/h3>\n<p>Nous s\u00e9lectionnons avec soin chaque composant pour assurer long\u00e9vit\u00e9 et performance.<\/p>\n<\/div>\n<div class=\"qualite-point\">\n<p>&nbsp;<\/p>\n<h3>Fabrication Pr\u00e9cise<\/h3>\n<p>Processus de fabrication contr\u00f4l\u00e9s avec pr\u00e9cision pour une qualit\u00e9 constante.<\/p>\n<\/div>\n<div class=\"qualite-point\">\n<p>&nbsp;<\/p>\n<h3>Tests Rigoureux<\/h3>\n<p>Chaque produit est test\u00e9 individuellement avant exp\u00e9dition.<\/p>\n<\/div>\n<div class=\"qualite-point\">\n<p>&nbsp;<\/p>\n<h3>Garantie 3 Ans<\/h3>\n<p>Confiance dans nos produits avec une garantie prolong\u00e9e.<\/p>\n<\/div>\n<\/div>\n<\/section>\n","protected":false},"excerpt":{"rendered":"<p>Qualit\u00e9 In\u00e9gal\u00e9e Chaque produit 3B Lighter subit des tests rigoureux pour garantir fiabilit\u00e9, durabilit\u00e9 et s\u00e9curit\u00e9. Nous n&#8217;utilisons que les meilleurs mat\u00e9riaux et employons des artisans qualifi\u00e9s pour cr\u00e9er des produits dont vous pouvez d\u00e9pendre. &nbsp; Mat\u00e9riaux Premium Nous s\u00e9lectionnons avec soin chaque composant pour assurer long\u00e9vit\u00e9 et performance. &nbsp; Fabrication Pr\u00e9cise Processus de fabrication<\/p>\n<div class=\"more-link\">\n             <a href=\"https:\/\/3blighter.com\/index.php\/qualite\/\" class=\"theme-btn\"><span>Continue Reading <\/span><i class=\"bi bi-arrow-right\"><\/i><\/a>\n        <\/div>\n","protected":false},"author":1,"featured_media":0,"parent":0,"menu_order":0,"comment_status":"closed","ping_status":"closed","template":"","meta":[],"_links":{"self":[{"href":"https:\/\/3blighter.com\/index.php\/wp-json\/wp\/v2\/pages\/47"}],"collection":[{"href":"https:\/\/3blighter.com\/index.php\/wp-json\/wp\/v2\/pages"}],"about":[{"href":"https:\/\/3blighter.com\/index.php\/wp-json\/wp\/v2\/types\/page"}],"author":[{"embeddable":true,"href":"https:\/\/3blighter.com\/index.php\/wp-json\/wp\/v2\/users\/1"}],"replies":[{"embeddable":true,"href":"https:\/\/3blighter.com\/index.php\/wp-json\/wp\/v2\/comments?post=47"}],"version-history":[{"count":10,"href":"https:\/\/3blighter.com\/index.php\/wp-json\/wp\/v2\/pages\/47\/revisions"}],"predecessor-version":[{"id":108,"href":"https:\/\/3blighter.com\/index.php\/wp-json\/wp\/v2\/pages\/47\/revisions\/108"}],"wp:attachment":[{"href":"https:\/\/3blighter.com\/index.php\/wp-json\/wp\/v2\/media?parent=47"}],"curies":[{"name":"wp","href":"https:\/\/api.w.org\/{rel}","templated":true}]}}